{"id":178,"date":"2022-10-14T09:48:31","date_gmt":"2022-10-14T07:48:31","guid":{"rendered":"https:\/\/www.sietevalles.es\/?page_id=178"},"modified":"2023-04-28T16:40:59","modified_gmt":"2023-04-28T14:40:59","slug":"empresa","status":"publish","type":"page","link":"https:\/\/www.sietevalles.es\/en\/empresa\/","title":{"rendered":"Empresa"},"content":{"rendered":"<div data-elementor-type=\"wp-page\" data-elementor-id=\"178\" class=\"elementor elementor-178\" data-elementor-post-type=\"page\">\n\t\t\t\t<div class=\"elementor-element elementor-element-d995347 e-flex e-con-boxed e-con e-parent\" data-id=\"d995347\" data-element_type=\"container\" data-e-type=\"container\" data-settings=\"{&quot;background_background&quot;:&quot;classic&quot;}\">\n\t\t\t\t\t<div class=\"e-con-inner\">\n\t\t<div class=\"elementor-element elementor-element-04fd52b e-con-full fc-container-equal e-flex e-con e-parent\" data-id=\"04fd52b\" data-element_type=\"container\" data-e-type=\"container\">\n\t\t<div class=\"elementor-element elementor-element-1ee9898 e-flex e-con-boxed e-con e-parent\" data-id=\"1ee9898\" data-element_type=\"container\" data-e-type=\"container\">\n\t\t\t\t\t<div class=\"e-con-inner\">\n\t\t\t\t\t<\/div>\n\t\t\t\t<\/div>\n\t\t\t\t<div class=\"elementor-element elementor-element-1e69655 elementor-widget elementor-widget-heading\" data-id=\"1e69655\" data-element_type=\"widget\" data-e-type=\"widget\" data-widget_type=\"heading.default\">\n\t\t\t\t<div class=\"elementor-widget-container\">\n\t\t\t\t\t<h1 class=\"elementor-heading-title elementor-size-default\">Empresa<\/h1>\t\t\t\t<\/div>\n\t\t\t\t<\/div>\n\t\t<div class=\"elementor-element elementor-element-71e1e0c e-flex e-con-boxed e-con e-parent\" data-id=\"71e1e0c\" data-element_type=\"container\" data-e-type=\"container\">\n\t\t\t\t\t<div class=\"e-con-inner\">\n\t\t\t\t\t<\/div>\n\t\t\t\t<\/div>\n\t\t\t\t<\/div>\n\t\t\t\t\t<\/div>\n\t\t\t\t<\/div>\n\t\t<div class=\"elementor-element elementor-element-0db89da e-con-full fc-container-padding e-flex e-con e-parent\" data-id=\"0db89da\" data-element_type=\"container\" data-e-type=\"container\" data-settings=\"{&quot;background_background&quot;:&quot;classic&quot;}\">\n\t\t<div class=\"elementor-element elementor-element-7f398ff e-flex e-con-boxed e-con e-parent\" data-id=\"7f398ff\" data-element_type=\"container\" data-e-type=\"container\">\n\t\t\t\t\t<div class=\"e-con-inner\">\n\t\t\t\t<div class=\"elementor-element elementor-element-15be295 elementor-widget elementor-widget-text-editor\" data-id=\"15be295\" data-element_type=\"widget\" data-e-type=\"widget\" data-widget_type=\"text-editor.default\">\n\t\t\t\t<div class=\"elementor-widget-container\">\n\t\t\t\t\t\t\t\t\tEn <strong>Inmobiliaria Siete Valles<\/strong> somos especialistas en la compraventa y alquiler de propiedades <strong>desde 1989<\/strong>.\t\t\t\t\t\t\t\t<\/div>\n\t\t\t\t<\/div>\n\t\t\t\t\t<\/div>\n\t\t\t\t<\/div>\n\t\t\t\t<\/div>\n\t\t<div class=\"elementor-element elementor-element-b0f41e4 e-con-full e-flex e-con e-parent\" data-id=\"b0f41e4\" data-element_type=\"container\" data-e-type=\"container\" data-settings=\"{&quot;background_background&quot;:&quot;classic&quot;}\">\n\t\t<div class=\"elementor-element elementor-element-ac85fe1 e-con-full e-flex e-con e-parent\" data-id=\"ac85fe1\" data-element_type=\"container\" data-e-type=\"container\" data-settings=\"{&quot;background_background&quot;:&quot;classic&quot;}\">\n\t\t\t\t<\/div>\n\t\t<div class=\"elementor-element elementor-element-c446187 e-con-full e-flex e-con e-parent\" data-id=\"c446187\" data-element_type=\"container\" data-e-type=\"container\" data-settings=\"{&quot;background_background&quot;:&quot;classic&quot;}\">\n\t\t<div class=\"elementor-element elementor-element-8a2b0da fc-container-equal fc-container-col-boxed e-con-full e-flex elementor-invisible e-con e-parent\" data-id=\"8a2b0da\" data-element_type=\"container\" data-e-type=\"container\" data-settings=\"{&quot;animation&quot;:&quot;fadeIn&quot;,&quot;background_background&quot;:&quot;classic&quot;}\">\n\t\t\t\t<div class=\"elementor-element elementor-element-2465ed2 elementor-widget elementor-widget-heading\" data-id=\"2465ed2\" data-element_type=\"widget\" data-e-type=\"widget\" data-widget_type=\"heading.default\">\n\t\t\t\t<div class=\"elementor-widget-container\">\n\t\t\t\t\t<h2 class=\"elementor-heading-title elementor-size-default\">30 a\u00f1os de experiencia<\/h2>\t\t\t\t<\/div>\n\t\t\t\t<\/div>\n\t\t\t\t<div class=\"elementor-element elementor-element-9909e76 elementor-widget elementor-widget-text-editor\" data-id=\"9909e76\" data-element_type=\"widget\" data-e-type=\"widget\" data-widget_type=\"text-editor.default\">\n\t\t\t\t<div class=\"elementor-widget-container\">\n\t\t\t\t\t\t\t\t\t<p>Con m\u00e1s de 30 a\u00f1os de experiencia en el mercado inmobiliario de la zona de Haro y La Rioja Alta, contamos con un equipo de profesionales altamente cualificados y con gran capacidad de adaptaci\u00f3n a las necesidades de cada cliente.<\/p><p>En Siete Valles, entendemos que la compra o venta de una propiedad es una decisi\u00f3n muy importante en la vida de nuestros clientes, por lo que nos aseguramos de que el proceso sea lo m\u00e1s c\u00f3modo y sencillo posible.<\/p><p>Trabajamos en estrecha colaboraci\u00f3n con ellos, brind\u00e1ndoles asesoramiento y apoyo en todo momento. Los acompa\u00f1amos desde el inicio y les ayudamos con todos los tr\u00e1mites y gestiones.<\/p>\t\t\t\t\t\t\t\t<\/div>\n\t\t\t\t<\/div>\n\t\t\t\t<\/div>\n\t\t\t\t<\/div>\n\t\t\t\t<\/div>\n\t\t<div class=\"elementor-element elementor-element-6ba9ea7 e-con-full e-flex e-con e-parent\" data-id=\"6ba9ea7\" data-element_type=\"container\" data-e-type=\"container\" data-settings=\"{&quot;background_background&quot;:&quot;classic&quot;}\">\n\t\t<div class=\"elementor-element elementor-element-862955d e-con-full e-flex e-con e-parent\" data-id=\"862955d\" data-element_type=\"container\" data-e-type=\"container\" data-settings=\"{&quot;background_background&quot;:&quot;classic&quot;}\">\n\t\t\t\t<\/div>\n\t\t<div class=\"elementor-element elementor-element-0306ffd e-con-full e-flex e-con e-parent\" data-id=\"0306ffd\" data-element_type=\"container\" data-e-type=\"container\" data-settings=\"{&quot;background_background&quot;:&quot;classic&quot;}\">\n\t\t<div class=\"elementor-element elementor-element-0989051 fc-container-equal fc-container-col-boxed e-con-full e-flex elementor-invisible e-con e-parent\" data-id=\"0989051\" data-element_type=\"container\" data-e-type=\"container\" data-settings=\"{&quot;animation&quot;:&quot;fadeIn&quot;,&quot;background_background&quot;:&quot;classic&quot;}\">\n\t\t\t\t<div class=\"elementor-element elementor-element-7c5a8e5 elementor-widget elementor-widget-heading\" data-id=\"7c5a8e5\" data-element_type=\"widget\" data-e-type=\"widget\" data-widget_type=\"heading.default\">\n\t\t\t\t<div class=\"elementor-widget-container\">\n\t\t\t\t\t<h2 class=\"elementor-heading-title elementor-size-default\">ATENCI\u00d3N<\/br>\nPERSONALIZADA<\/h2>\t\t\t\t<\/div>\n\t\t\t\t<\/div>\n\t\t\t\t<div class=\"elementor-element elementor-element-2c05b17 elementor-widget elementor-widget-text-editor\" data-id=\"2c05b17\" data-element_type=\"widget\" data-e-type=\"widget\" data-widget_type=\"text-editor.default\">\n\t\t\t\t<div class=\"elementor-widget-container\">\n\t\t\t\t\t\t\t\t\t<p>En Inmobiliaria Siete Valles, trabajamos d\u00eda a d\u00eda para garantizarte una atenci\u00f3n personalizada y de confianza.<\/p><p>Si est\u00e1s buscando un trato cercano y personalizado unido a un amplio conocimiento del mercado de La Rioja Alta, somos tu agencia inmobiliaria.<\/p><p>No dudes en contactar con nosotros, estaremos encantados de ayudarte en todo lo que necesite.<\/p>\t\t\t\t\t\t\t\t<\/div>\n\t\t\t\t<\/div>\n\t\t\t\t<div class=\"elementor-element elementor-element-214ab5c elementor-tablet-align-center elementor-widget elementor-widget-button\" data-id=\"214ab5c\" data-element_type=\"widget\" data-e-type=\"widget\" data-widget_type=\"button.default\">\n\t\t\t\t<div class=\"elementor-widget-container\">\n\t\t\t\t\t\t\t\t\t<div class=\"elementor-button-wrapper\">\n\t\t\t\t\t<a class=\"elementor-button elementor-button-link elementor-size-sm\" href=\"https:\/\/www.sietevalles.es\/en\/contacto\/\">\n\t\t\t\t\t\t<span class=\"elementor-button-content-wrapper\">\n\t\t\t\t\t\t\t\t\t<span class=\"elementor-button-text\">Contacta<\/span>\n\t\t\t\t\t<\/span>\n\t\t\t\t\t<\/a>\n\t\t\t\t<\/div>\n\t\t\t\t\t\t\t\t<\/div>\n\t\t\t\t<\/div>\n\t\t\t\t<\/div>\n\t\t\t\t<\/div>\n\t\t\t\t<\/div>\n\t\t\t\t<\/div>","protected":false},"excerpt":{"rendered":"<p>Empresa En Inmobiliaria Siete Valles somos especialistas en la compraventa y alquiler de propiedades desde 1989. 30 a\u00f1os de experiencia Con m\u00e1s de 30 a\u00f1os de experiencia en el mercado inmobiliario de la zona de Haro y La Rioja Alta, contamos con un equipo de profesionales altamente cualificados y con gran capacidad de adaptaci\u00f3n a [&hellip;]<\/p>\n","protected":false},"author":1,"featured_media":0,"parent":0,"menu_order":2,"comment_status":"closed","ping_status":"closed","template":"","meta":{"_acf_changed":false,"footnotes":""},"class_list":["post-178","page","type-page","status-publish","hentry"],"acf":[],"_links":{"self":[{"href":"https:\/\/www.sietevalles.es\/en\/wp-json\/wp\/v2\/pages\/178","targetHints":{"allow":["GET"]}}],"collection":[{"href":"https:\/\/www.sietevalles.es\/en\/wp-json\/wp\/v2\/pages"}],"about":[{"href":"https:\/\/www.sietevalles.es\/en\/wp-json\/wp\/v2\/types\/page"}],"author":[{"embeddable":true,"href":"https:\/\/www.sietevalles.es\/en\/wp-json\/wp\/v2\/users\/1"}],"replies":[{"embeddable":true,"href":"https:\/\/www.sietevalles.es\/en\/wp-json\/wp\/v2\/comments?post=178"}],"version-history":[{"count":255,"href":"https:\/\/www.sietevalles.es\/en\/wp-json\/wp\/v2\/pages\/178\/revisions"}],"predecessor-version":[{"id":1842,"href":"https:\/\/www.sietevalles.es\/en\/wp-json\/wp\/v2\/pages\/178\/revisions\/1842"}],"wp:attachment":[{"href":"https:\/\/www.sietevalles.es\/en\/wp-json\/wp\/v2\/media?parent=178"}],"curies":[{"name":"wp","href":"https:\/\/api.w.org\/{rel}","templated":true}]}}